{"id":470,"date":"2022-06-19T17:23:14","date_gmt":"2022-06-19T14:23:14","guid":{"rendered":"https:\/\/kadiraltas.com\/?page_id=470"},"modified":"2022-08-09T23:27:07","modified_gmt":"2022-08-09T20:27:07","slug":"hizmetlerimiz","status":"publish","type":"page","link":"https:\/\/www.kadiraltas.com\/?page_id=470","title":{"rendered":"Hizmetlerimiz"},"content":{"rendered":"\t\t<div data-elementor-type=\"wp-page\" data-elementor-id=\"470\" class=\"elementor elementor-470\">\n\t\t\t\t\t\t<section class=\"elementor-section elementor-top-section elementor-element elementor-element-029a349 elementor-section-boxed elementor-section-height-default elementor-section-height-default\" data-id=\"029a349\" data-element_type=\"section\">\n\t\t\t\t\t\t<div class=\"elementor-container elementor-column-gap-default\">\n\t\t\t\t\t<div class=\"elementor-column elementor-col-50 elementor-top-column elementor-element elementor-element-8fd8373\" data-id=\"8fd8373\" data-element_type=\"column\">\n\t\t\t<div class=\"elementor-widget-wrap elementor-element-populated\">\n\t\t\t\t\t\t<div class=\"elementor-element elementor-element-f9e168c elementor-widget elementor-widget-heading\" data-id=\"f9e168c\" data-element_type=\"widget\" data-widget_type=\"heading.default\">\n\t\t\t\t<div class=\"elementor-widget-container\">\n\t\t\t\t\t<h2 class=\"elementor-heading-title elementor-size-default\">Hizmetlerimiz<\/h2>\t\t\t\t<\/div>\n\t\t\t\t<\/div>\n\t\t\t\t<div class=\"elementor-element elementor-element-86f36ce elementor-widget elementor-widget-text-editor\" data-id=\"86f36ce\" data-element_type=\"widget\" data-widget_type=\"text-editor.default\">\n\t\t\t\t<div class=\"elementor-widget-container\">\n\t\t\t\t\t\t\t\t\t<p>Firmam\u0131z toptan zeytin ve zeytin ya\u011f\u0131 al\u0131m\u0131 yapmakta, toptan ve perakende olarak zeytin, zeytin ya\u011f\u0131, kat\u0131 ve s\u0131v\u0131 bitkisel ve hayvansal t\u00fcm ya\u011f \u00e7e\u015fitlerinin ticaretini yapmaktad\u0131r.<\/p>\t\t\t\t\t\t\t\t<\/div>\n\t\t\t\t<\/div>\n\t\t\t\t<div class=\"elementor-element elementor-element-6630f0d elementor-widget elementor-widget-text-editor\" data-id=\"6630f0d\" data-element_type=\"widget\" data-widget_type=\"text-editor.default\">\n\t\t\t\t<div class=\"elementor-widget-container\">\n\t\t\t\t\t\t\t\t\t<p>Zeytinya\u011flar\u0131m\u0131z\u0131n tamam\u0131 do\u011fal olup, hi\u00e7bir katk\u0131 maddesi eklenmeden s\u0131k\u0131lmakta ve yakla\u015f\u0131k 4-8 dizem kalitesindedir. S\u0131kma i\u015flemi tamamen otomatik olarak yap\u0131lmakta, insan eli de\u011fmeden paketlenmektedir.<\/p>\t\t\t\t\t\t\t\t<\/div>\n\t\t\t\t<\/div>\n\t\t\t\t\t<\/div>\n\t\t<\/div>\n\t\t\t\t<div class=\"elementor-column elementor-col-50 elementor-top-column elementor-element elementor-element-3503e77\" data-id=\"3503e77\" data-element_type=\"column\">\n\t\t\t<div class=\"elementor-widget-wrap elementor-element-populated\">\n\t\t\t\t\t\t<div class=\"elementor-element elementor-element-fabe594 elementor-widget elementor-widget-image\" data-id=\"fabe594\" data-element_type=\"widget\" data-widget_type=\"image.default\">\n\t\t\t\t<div class=\"elementor-widget-container\">\n\t\t\t\t\t\t\t\t\t\t\t\t\t\t\t<img fetchpriority=\"high\" decoding=\"async\" width=\"1024\" height=\"514\" src=\"https:\/\/www.kadiraltas.com\/wp-content\/uploads\/2022\/06\/zeytin-yagi-anasayfa.jpg\" class=\"attachment-large size-large wp-image-460\" alt=\"\" \/>\t\t\t\t\t\t\t\t\t\t\t\t\t\t\t<\/div>\n\t\t\t\t<\/div>\n\t\t\t\t\t<\/div>\n\t\t<\/div>\n\t\t\t\t\t<\/div>\n\t\t<\/section>\n\t\t\t\t<\/div>\n\t\t","protected":false},"excerpt":{"rendered":"<p>Hizmetlerimiz Firmam\u0131z toptan zeytin ve zeytin ya\u011f\u0131 al\u0131m\u0131 yapmakta, toptan ve perakende olarak zeytin, zeytin ya\u011f\u0131, kat\u0131 ve s\u0131v\u0131 bitkisel ve hayvansal t\u00fcm ya\u011f \u00e7e\u015fitlerinin ticaretini yapmaktad\u0131r. Zeytinya\u011flar\u0131m\u0131z\u0131n tamam\u0131 do\u011fal olup, hi\u00e7bir katk\u0131 maddesi eklenmeden s\u0131k\u0131lmakta ve yakla\u015f\u0131k 4-8 dizem kalitesindedir. S\u0131kma i\u015flemi tamamen otomatik olarak yap\u0131lmakta, insan eli de\u011fmeden paketlenmektedir.<\/p>\n","protected":false},"author":1,"featured_media":0,"parent":0,"menu_order":0,"comment_status":"closed","ping_status":"closed","template":"","meta":{"footnotes":""},"class_list":["post-470","page","type-page","status-publish","hentry","entry"],"_links":{"self":[{"href":"https:\/\/www.kadiraltas.com\/index.php?rest_route=\/wp\/v2\/pages\/470","targetHints":{"allow":["GET"]}}],"collection":[{"href":"https:\/\/www.kadiraltas.com\/index.php?rest_route=\/wp\/v2\/pages"}],"about":[{"href":"https:\/\/www.kadiraltas.com\/index.php?rest_route=\/wp\/v2\/types\/page"}],"author":[{"embeddable":true,"href":"https:\/\/www.kadiraltas.com\/index.php?rest_route=\/wp\/v2\/users\/1"}],"replies":[{"embeddable":true,"href":"https:\/\/www.kadiraltas.com\/index.php?rest_route=%2Fwp%2Fv2%2Fcomments&post=470"}],"version-history":[{"count":6,"href":"https:\/\/www.kadiraltas.com\/index.php?rest_route=\/wp\/v2\/pages\/470\/revisions"}],"predecessor-version":[{"id":559,"href":"https:\/\/www.kadiraltas.com\/index.php?rest_route=\/wp\/v2\/pages\/470\/revisions\/559"}],"wp:attachment":[{"href":"https:\/\/www.kadiraltas.com\/index.php?rest_route=%2Fwp%2Fv2%2Fmedia&parent=470"}],"curies":[{"name":"wp","href":"https:\/\/api.w.org\/{rel}","templated":true}]}}